{"id":360,"date":"2019-01-21T11:53:22","date_gmt":"2019-01-21T11:53:22","guid":{"rendered":"http:\/\/www.ekosos.fi\/?page_id=360"},"modified":"2024-11-17T20:02:11","modified_gmt":"2024-11-17T20:02:11","slug":"mika-on-ekosos","status":"publish","type":"page","link":"https:\/\/www.ekosos.fi\/?page_id=360","title":{"rendered":"Ekosos?"},"content":{"rendered":"<p><span style=\"font-weight: 400;\">Ekosos on kest\u00e4v\u00e4n tulevaisuuden l\u00e4hettil\u00e4s. Toimintaamme ohjaa ekososiaalisuus eli ajattelutapa, joka tarkastelee maailmaa ihmiskeskeisyyden sijaan monilajisesta n\u00e4k\u00f6kulmasta k\u00e4sin. Ekososiaalisessa ajattelussa ihmisen hyvinvointi on v\u00e4litt\u00f6m\u00e4ss\u00e4 yhteydess\u00e4 muuhun luontoon ja sen hyvinvointiin. Ajattelemme, ett\u00e4 ekokriisin torjuminen vaatii yhteiskunnallista muutosta, jossa inhimillinen ja ei-inhimillinen luonto n\u00e4hd\u00e4\u00e4n vuorovaikutuksessa olevana kokonaisuutena niiden erottamisen sijaan. Tavoitteenamme on saada lukijamme pohtimaan, mist\u00e4 todella puhumme kun puhumme hyvinvoinnista.\u00a0<\/span><\/p>\n<p><span style=\"font-weight: 400;\">El\u00e4m\u00e4\u00e4 uhkaava ekologinen kriisi eli ilmastonmuutos ja luontokato ovat ihmistoiminnan aiheuttamia, jolloin ratkaisun avaimet ovat ihmisten k\u00e4siss\u00e4. <\/span><\/p>\n<p>Ulkoa tulevien determinististen vaatimusten keskell\u00e4 blogimme kysyy:<\/p>\n<p>Mit\u00e4 jos tulostavoitteena olisikin hyvinvointi?<\/p>\n<p><em>~ Ekosos-tiimi ~<\/em><\/p>\n<p><a href=\"http:\/\/www.ekosos.fi\/wp-content\/uploads\/2018\/10\/beach-394503_1920.jpg\"><img loading=\"lazy\" decoding=\"async\" class=\"alignnone size-full wp-image-285 alignleft\" src=\"http:\/\/www.ekosos.fi\/wp-content\/uploads\/2018\/10\/beach-394503_1920.jpg\" alt=\"\" width=\"1920\" height=\"1280\" srcset=\"https:\/\/www.ekosos.fi\/wp-content\/uploads\/2018\/10\/beach-394503_1920.jpg 1920w, https:\/\/www.ekosos.fi\/wp-content\/uploads\/2018\/10\/beach-394503_1920-300x200.jpg 300w, https:\/\/www.ekosos.fi\/wp-content\/uploads\/2018\/10\/beach-394503_1920-768x512.jpg 768w, https:\/\/www.ekosos.fi\/wp-content\/uploads\/2018\/10\/beach-394503_1920-1024x683.jpg 1024w\" sizes=\"auto, (max-width: 1920px) 100vw, 1920px\" \/><\/a><\/p>\n<p>&nbsp;<\/p>\n","protected":false},"excerpt":{"rendered":"<p>Ekosos on kest\u00e4v\u00e4n tulevaisuuden l\u00e4hettil\u00e4s. Toimintaamme ohjaa ekososiaalisuus eli ajattelutapa, joka tarkastelee maailmaa ihmiskeskeisyyden sijaan monilajisesta n\u00e4k\u00f6kulmasta k\u00e4sin. Ekososiaalisessa ajattelussa ihmisen hyvinvointi on v\u00e4litt\u00f6m\u00e4ss\u00e4 yhteydess\u00e4 muuhun luontoon ja sen hyvinvointiin. Ajattelemme, ett\u00e4 ekokriisin torjuminen vaatii yhteiskunnallista muutosta, jossa inhimillinen ja ei-inhimillinen luonto n\u00e4hd\u00e4\u00e4n vuorovaikutuksessa olevana kokonaisuutena niiden erottamisen sijaan. Tavoitteenamme on saada lukijamme pohtimaan, mist\u00e4 todella puhumme kun puhumme hyvinvoinnista.\u00a0 El\u00e4m\u00e4\u00e4 uhkaava ekologinen kriisi eli ilmastonmuutos ja luontokato ovat ihmistoiminnan aiheuttamia, jolloin ratkaisun avaimet ovat ihmisten k\u00e4siss\u00e4. Ulkoa tulevien determinististen&#8230;<\/p>\n<p class=\"read-more\"><a class=\"btn btn-default\" href=\"https:\/\/www.ekosos.fi\/?page_id=360\"> Read More<span class=\"screen-reader-text\">  Read More<\/span><\/a><\/p>\n","protected":false},"author":2,"featured_media":0,"parent":0,"menu_order":0,"comment_status":"closed","ping_status":"closed","template":"","meta":{"om_disable_all_campaigns":false,"_monsterinsights_skip_tracking":false,"_monsterinsights_sitenote_active":false,"_monsterinsights_sitenote_note":"","_monsterinsights_sitenote_category":0,"_uf_show_specific_survey":0,"_uf_disable_surveys":false,"footnotes":""},"categories":[],"tags":[],"class_list":["post-360","page","type-page","status-publish","hentry"],"wppr_data":{"cwp_meta_box_check":"No"},"_links":{"self":[{"href":"https:\/\/www.ekosos.fi\/index.php?rest_route=\/wp\/v2\/pages\/360","targetHints":{"allow":["GET"]}}],"collection":[{"href":"https:\/\/www.ekosos.fi\/index.php?rest_route=\/wp\/v2\/pages"}],"about":[{"href":"https:\/\/www.ekosos.fi\/index.php?rest_route=\/wp\/v2\/types\/page"}],"author":[{"embeddable":true,"href":"https:\/\/www.ekosos.fi\/index.php?rest_route=\/wp\/v2\/users\/2"}],"replies":[{"embeddable":true,"href":"https:\/\/www.ekosos.fi\/index.php?rest_route=%2Fwp%2Fv2%2Fcomments&post=360"}],"version-history":[{"count":16,"href":"https:\/\/www.ekosos.fi\/index.php?rest_route=\/wp\/v2\/pages\/360\/revisions"}],"predecessor-version":[{"id":880,"href":"https:\/\/www.ekosos.fi\/index.php?rest_route=\/wp\/v2\/pages\/360\/revisions\/880"}],"wp:attachment":[{"href":"https:\/\/www.ekosos.fi\/index.php?rest_route=%2Fwp%2Fv2%2Fmedia&parent=360"}],"wp:term":[{"taxonomy":"category","embeddable":true,"href":"https:\/\/www.ekosos.fi\/index.php?rest_route=%2Fwp%2Fv2%2Fcategories&post=360"},{"taxonomy":"post_tag","embeddable":true,"href":"https:\/\/www.ekosos.fi\/index.php?rest_route=%2Fwp%2Fv2%2Ftags&post=360"}],"curies":[{"name":"wp","href":"https:\/\/api.w.org\/{rel}","templated":true}]}}